{"id":202,"date":"2025-06-17T19:51:58","date_gmt":"2025-06-17T19:51:58","guid":{"rendered":"https:\/\/swakopkarneval.com\/?post_type=product&#038;p=202"},"modified":"2025-06-20T13:03:10","modified_gmt":"2025-06-20T13:03:10","slug":"prinzenball","status":"publish","type":"product","link":"https:\/\/swakopkarneval.com\/de\/produkt\/prinzenball\/","title":{"rendered":"Prinzenball"},"content":{"rendered":"<p data-start=\"61\" data-end=\"309\">Der Swakopmunder Prinzenball geh\u00f6rt zu den H\u00f6hepunkten im j\u00e4hrlichen Karnevalskalender. An diesem Abend wird zum einen dem \u201ealten\u201c Prinzenpaar Auf Wiedersehen gesagt, und ein neues Prinzenpaar wird feierlich enth\u00fcllt. Bei diesem Event ist auch immer ein Mitglied des Stadtrats anwesend \u2013 meist der oder die B\u00fcrgermeister(in) pers\u00f6nlich \u2013 die den symbolischen Stadtschl\u00fcssel an die neuen Regenten \u00fcberreichen. Zu diesem Anlass wird formelle Abendkleidung erwartet und nach dem kurzen Programm gibt es dann mit LiveBand einen Ball.<\/p>","protected":false},"excerpt":{"rendered":"<p>The Swakopmund Prinzenball stands out as a true highlight on the annual carnival calendar. This elegant evening bids a fond farewell to the outgoing royal couple and welcomes the newly appointed prince and princess in a grand ceremonial reveal. A member of the town council \u2014 often the mayor \u2014 is present to officially hand &hellip; <a href=\"https:\/\/swakopkarneval.com\/de\/produkt\/prinzenball\/\" class=\"more-link\">Continue reading<span class=\"screen-reader-text\"> &#8220;Prinzenball&#8221;<\/span><\/a><\/p>","protected":false},"featured_media":203,"comment_status":"open","ping_status":"closed","template":"","meta":[],"product_brand":[],"product_cat":[16],"product_tag":[],"class_list":{"0":"post-202","1":"product","2":"type-product","3":"status-publish","4":"has-post-thumbnail","6":"product_cat-uncategorized","8":"first","9":"instock","10":"shipping-taxable","11":"product-type-simple"},"_links":{"self":[{"href":"https:\/\/swakopkarneval.com\/de\/wp-json\/wp\/v2\/product\/202","targetHints":{"allow":["GET"]}}],"collection":[{"href":"https:\/\/swakopkarneval.com\/de\/wp-json\/wp\/v2\/product"}],"about":[{"href":"https:\/\/swakopkarneval.com\/de\/wp-json\/wp\/v2\/types\/product"}],"replies":[{"embeddable":true,"href":"https:\/\/swakopkarneval.com\/de\/wp-json\/wp\/v2\/comments?post=202"}],"wp:featuredmedia":[{"embeddable":true,"href":"https:\/\/swakopkarneval.com\/de\/wp-json\/wp\/v2\/media\/203"}],"wp:attachment":[{"href":"https:\/\/swakopkarneval.com\/de\/wp-json\/wp\/v2\/media?parent=202"}],"wp:term":[{"taxonomy":"product_brand","embeddable":true,"href":"https:\/\/swakopkarneval.com\/de\/wp-json\/wp\/v2\/product_brand?post=202"},{"taxonomy":"product_cat","embeddable":true,"href":"https:\/\/swakopkarneval.com\/de\/wp-json\/wp\/v2\/product_cat?post=202"},{"taxonomy":"product_tag","embeddable":true,"href":"https:\/\/swakopkarneval.com\/de\/wp-json\/wp\/v2\/product_tag?post=202"}],"curies":[{"name":"wp","href":"https:\/\/api.w.org\/{rel}","templated":true}]}}